{"id":2978,"date":"2022-01-10T17:04:39","date_gmt":"2022-01-10T16:04:39","guid":{"rendered":"https:\/\/sprachenzentrum-leipzig.de\/?page_id=2978"},"modified":"2026-04-27T13:20:42","modified_gmt":"2026-04-27T12:20:42","slug":"aktuelles","status":"publish","type":"page","link":"https:\/\/sprachenzentrum-leipzig.de\/de\/aktuelles\/","title":{"rendered":"Aktuelles"},"content":{"rendered":"\t\t<div data-elementor-type=\"wp-page\" data-elementor-id=\"2978\" class=\"elementor elementor-2978\" data-elementor-post-type=\"page\">\n\t\t\t\t\t\t<section class=\"elementor-section elementor-top-section elementor-element elementor-element-e9506d9 elementor-section-height-min-height elementor-section-boxed elementor-section-height-default elementor-section-items-middle\" data-id=\"e9506d9\" data-element_type=\"section\" data-e-type=\"section\" data-settings=\"{&quot;background_background&quot;:&quot;classic&quot;}\">\n\t\t\t\t\t\t\t<div class=\"elementor-background-overlay\"><\/div>\n\t\t\t\t\t\t\t<div class=\"elementor-container elementor-column-gap-default\">\n\t\t\t\t\t<div class=\"elementor-column elementor-col-100 elementor-top-column elementor-element elementor-element-b9710f5\" data-id=\"b9710f5\" data-element_type=\"column\" data-e-type=\"column\" data-settings=\"{&quot;background_background&quot;:&quot;classic&quot;}\">\n\t\t\t<div class=\"elementor-widget-wrap\">\n\t\t\t\t\t\t\t<\/div>\n\t\t<\/div>\n\t\t\t\t\t<\/div>\n\t\t<\/section>\n\t\t\t\t<section class=\"elementor-section elementor-top-section elementor-element elementor-element-af206cb elementor-section-content-top elementor-section-boxed elementor-section-height-default elementor-section-height-default\" data-id=\"af206cb\" data-element_type=\"section\" data-e-type=\"section\">\n\t\t\t\t\t\t<div class=\"elementor-container elementor-column-gap-default\">\n\t\t\t\t\t<div class=\"elementor-column elementor-col-100 elementor-top-column elementor-element elementor-element-522aa88\" data-id=\"522aa88\" data-element_type=\"column\" data-e-type=\"column\" data-settings=\"{&quot;background_background&quot;:&quot;classic&quot;}\">\n\t\t\t<div class=\"elementor-widget-wrap elementor-element-populated\">\n\t\t\t\t\t\t<div class=\"elementor-element elementor-element-93ece0d elementor-widget__width-initial elementor-widget elementor-widget-heading\" data-id=\"93ece0d\" data-element_type=\"widget\" data-e-type=\"widget\" data-widget_type=\"heading.default\">\n\t\t\t\t<div class=\"elementor-widget-container\">\n\t\t\t\t\t<h1 class=\"elementor-heading-title elementor-size-default\">Aktuelles                   05. - 06.2026         <\/h1>\t\t\t\t<\/div>\n\t\t\t\t<\/div>\n\t\t\t\t\t<\/div>\n\t\t<\/div>\n\t\t\t\t\t<\/div>\n\t\t<\/section>\n\t\t\t\t<section class=\"elementor-section elementor-top-section elementor-element elementor-element-7cf0b03 elementor-section-boxed elementor-section-height-default elementor-section-height-default\" data-id=\"7cf0b03\" data-element_type=\"section\" data-e-type=\"section\">\n\t\t\t\t\t\t<div class=\"elementor-container elementor-column-gap-default\">\n\t\t\t\t\t<div class=\"elementor-column elementor-col-100 elementor-top-column elementor-element elementor-element-d0272ba\" data-id=\"d0272ba\" data-element_type=\"column\" data-e-type=\"column\" data-settings=\"{&quot;background_background&quot;:&quot;classic&quot;}\">\n\t\t\t<div class=\"elementor-widget-wrap elementor-element-populated\">\n\t\t\t\t\t\t<section class=\"elementor-section elementor-inner-section elementor-element elementor-element-f288054 elementor-section-boxed elementor-section-height-default elementor-section-height-default\" data-id=\"f288054\" data-element_type=\"section\" data-e-type=\"section\">\n\t\t\t\t\t\t<div class=\"elementor-container elementor-column-gap-default\">\n\t\t\t\t\t<div class=\"elementor-column elementor-col-50 elementor-inner-column elementor-element elementor-element-262eed1\" data-id=\"262eed1\" data-element_type=\"column\" data-e-type=\"column\">\n\t\t\t<div class=\"elementor-widget-wrap elementor-element-populated\">\n\t\t\t\t\t\t<div class=\"elementor-element elementor-element-89d47eb elementor-widget elementor-widget-heading\" data-id=\"89d47eb\" data-element_type=\"widget\" data-e-type=\"widget\" data-widget_type=\"heading.default\">\n\t\t\t\t<div class=\"elementor-widget-container\">\n\t\t\t\t\t<h4 class=\"elementor-heading-title elementor-size-default\">SPRACHEN LERNEN IM SPRACHENZENTRUM LEIPZIG\n\n<br>Aktuelles<\/h4>\t\t\t\t<\/div>\n\t\t\t\t<\/div>\n\t\t\t\t\t<\/div>\n\t\t<\/div>\n\t\t\t\t<div class=\"elementor-column elementor-col-50 elementor-inner-column elementor-element elementor-element-5ab51be\" data-id=\"5ab51be\" data-element_type=\"column\" data-e-type=\"column\">\n\t\t\t<div class=\"elementor-widget-wrap elementor-element-populated\">\n\t\t\t\t\t\t<div class=\"elementor-element elementor-element-b4296a6 elementor-widget__width-initial elementor-widget elementor-widget-text-editor\" data-id=\"b4296a6\" data-element_type=\"widget\" data-e-type=\"widget\" data-widget_type=\"text-editor.default\">\n\t\t\t\t<div class=\"elementor-widget-container\">\n\t\t\t\t\t\t\t\t\t<h4><span style=\"color: #82bb28;\">&gt; NEUE INTENSIVKURSE DEUTSCH &#8211; Mai BIS Juni 2026<\/span><\/h4>\n<h6>Intensivkurs Deutsch A1: 18.05. &#8211; 26.06.2026<\/h6>\n<h6>Intensivkurs Deutsch A2: 27.04. &#8211; 11.06.2026<\/h6>\n<h6>Intensivkurs Deutsch A2: 29.06. &#8211; 07.08.2026<\/h6>\n<h6>Intensivkurs Deutsch B1: 27.04. &#8211; 11.06.2026<\/h6>\n<h6>Intensivkurs Deutsch B1: 15.06. &#8211; 24.07.2026<\/h6>\n<h6>Intensivkurs Deutsch B2: 23.03. &#8211; 28.05.2026<\/h6>\n<h6>Intensivkurs Deutsch B2: 20.04. &#8211; 18.06.2026<\/h6>\n<h6>Intensivkurs Deutsch B2: 15.06. &#8211; 07.08.2026<\/h6>\n<h6>Intensivkurs Deutsch C1.1: 26.05. &#8211; 19.06.2026<\/h6>\n<h6>Intensivkurs Deutsch C1.1: 22.06. &#8211; 17.07.2026<\/h6>\n<h6>Intensivkurs Deutsch C1.2: 13.04. &#8211; 08.05.2026<\/h6>\n<h6>Intensivkurs Deutsch C1.2: 22.06. &#8211; 17.07.2026<\/h6>\n<h6>Intensivkurs Deutsch C1 med: 01.06. &#8211; 26.06.2026<\/h6>\n<h6>Intensivkurs Deutsch C1 med: 29.06. &#8211; 24.07.2026<\/h6>\n<h6>Intensivkurs Deutsch TestDaF: 26.05. &#8211; 08.06.2026<\/h6>\n<h6>Intensivkurs Deutsch TestDaF: 22.06. &#8211; 03.07.2026<\/h6>\n<h6><b><a href=\"https:\/\/sprachenzentrum-leipzig.de\/de\/deutsch-intensivkurse\/\" target=\"_blank\" rel=\"noopener\">&gt;&gt;&gt; <\/a><a href=\"https:\/\/sprachenzentrum-leipzig.de\/de\/deutsch-intensivkurse\/\" target=\"_blank\" rel=\"noopener\">Zum Kursangebot<\/a>\n<\/b><\/h6>\n<h4><span style=\"color: #82bb28;\">Willkommen auf unserer Website!<\/span><\/h4>\nAktuell, \u00fcbersichtlich und umfangreich informieren wir Sie \u00fcber unsere Sprachprogramme und Services.\n&gt; M\u00f6chten Sie Sprachen lernen, um sich beruflich weiterzuentwickeln?\n&gt; Oder m\u00f6chten Sie andere Sprachkulturen und Ethnien kennenlernen?\n&gt; F\u00fcr Firmen und Institutionen programmieren wir spezielle Angebote.\n&gt; Ob Basis-, Business- oder Spezialkurs in Deutsch, Englisch oder weiteren Sprachen, ob Vorbereitung auf Pr\u00fcfungen, Jobinterviews, ob Coachings oder Beantragung eines Visums f\u00fcr Sprachkurse \u2013 wir beraten Sie gern, damit Sie eine sinnvolle L\u00f6sung finden.\n&gt; Wir informieren Sie \u00fcber F\u00f6rderm\u00f6glichkeiten.\n<b>Und wenn Sie wissen wollen, wie gut Sie eine Sprache beherrschen, laden wir Sie ein zu unserem kostenfreien Einstufungstest.<\/b>\n<h4><span style=\"color: #82bb28;\">29 Jahre Sprachausbildung\n<\/span><\/h4>\n2026 feiern wir unser 29-j\u00e4hriges Bestehen!\nSeit 1997 residieren wir in einem sch\u00f6nen, sanierten historischen Handelshaus im Zentrum von Leipzig, vier Gehminuten vom Hauptbahnhof entfernt.\nDie Qualit\u00e4t und Zuverl\u00e4ssigkeit unseres Sprachenunterrichtes haben sich \u00fcber ein Vierteljahrhundert bew\u00e4hrt.\n<h4><span style=\"color: #82bb28;\">Sprachen lernen &#8211; UPDATE\n<\/span><\/h4>\n<strong>Wir freuen uns, Sie vor Ort zu begr\u00fc\u00dfen.<\/strong>\nDie meisten unserer Sprachkurse finden in Pr\u00e4senz statt.\nEine Online-Zuschaltung zu den Pr\u00e4senzkursen ist ebenfalls m\u00f6glich. Wir setzen dazu spezielle Multimedia-Kameras ein.\nUm Ihnen das Lernen von Sprachen unabh\u00e4ngig von Ihrem Aufenthaltsort zu erm\u00f6glichen, erweitern wir das Angebot f\u00fcr Online-Sprachkurse.\nBitte w\u00e4hlen Sie:\n&gt; M\u00f6chten Sie an unseren Pr\u00e4senzkursen in Leipzig teilnehmen?\n&gt; M\u00f6chten Sie sich online zu unseren Pr\u00e4senzkursen zuschalten, weil Sie sich sicherer f\u00fchlen oder auf Reisen sind?\n&gt; Oder m\u00f6chten Sie an einem preisg\u00fcnstigen Online-Sprachkurs teilnehmen, der vollst\u00e4ndig online stattfindet:\nEin Live-Online-Video-Sprachkurs mit einer Lehrkraft, die Sie individuell betreut?\n\n<b>F\u00fcr Fragen stehen wir gern vor Ort,\u00a0telefonisch\u00a0oder per\u00a0<a href=\"mailto:kontakt(at)sprachenzentrum-leipzig.de\" target=\"_blank\" rel=\"noopener\">E-Mail<\/a> zur Verf\u00fcgung.<\/b>\t\t\t\t\t\t\t\t<\/div>\n\t\t\t\t<\/div>\n\t\t\t\t\t<\/div>\n\t\t<\/div>\n\t\t\t\t\t<\/div>\n\t\t<\/section>\n\t\t\t\t<div class=\"elementor-element elementor-element-c07ef6d elementor-widget elementor-widget-heading\" data-id=\"c07ef6d\" data-element_type=\"widget\" data-e-type=\"widget\" data-widget_type=\"heading.default\">\n\t\t\t\t<div class=\"elementor-widget-container\">\n\t\t\t\t\t<h4 class=\"elementor-heading-title elementor-size-default\">Haben Sie Fragen? Wir beraten Sie gern.<\/h4>\t\t\t\t<\/div>\n\t\t\t\t<\/div>\n\t\t\t\t<div class=\"elementor-element elementor-element-9c52071 elementor-widget elementor-widget-heading\" data-id=\"9c52071\" data-element_type=\"widget\" data-e-type=\"widget\" data-widget_type=\"heading.default\">\n\t\t\t\t<div class=\"elementor-widget-container\">\n\t\t\t\t\t<h2 class=\"elementor-heading-title elementor-size-default\">Informationen direkt anfragen<\/h2>\t\t\t\t<\/div>\n\t\t\t\t<\/div>\n\t\t\t\t<div class=\"elementor-element elementor-element-65014a7 elementor-widget elementor-widget-text-editor\" data-id=\"65014a7\" data-element_type=\"widget\" data-e-type=\"widget\" data-widget_type=\"text-editor.default\">\n\t\t\t\t<div class=\"elementor-widget-container\">\n\t\t\t\t\t\t\t\t\t<p>Bitte teilen Sie uns mit, welche Kursangebote Sie interessieren.<br \/>Wir setzen uns mit Ihnen in Verbindung.<\/p>\t\t\t\t\t\t\t\t<\/div>\n\t\t\t\t<\/div>\n\t\t\t\t<div class=\"elementor-element elementor-element-1c5fe9c elementor-align-center elementor-mobile-align-justify elementor-widget elementor-widget-button\" data-id=\"1c5fe9c\" data-element_type=\"widget\" data-e-type=\"widget\" data-widget_type=\"button.default\">\n\t\t\t\t<div class=\"elementor-widget-container\">\n\t\t\t\t\t\t\t\t\t<div class=\"elementor-button-wrapper\">\n\t\t\t\t\t<a class=\"elementor-button elementor-button-link elementor-size-sm\" href=\"https:\/\/sprachenzentrum-leipzig.de\/kontakt\/\">\n\t\t\t\t\t\t<span class=\"elementor-button-content-wrapper\">\n\t\t\t\t\t\t\t\t\t<span class=\"elementor-button-text\">Beratung vereinbaren<\/span>\n\t\t\t\t\t<\/span>\n\t\t\t\t\t<\/a>\n\t\t\t\t<\/div>\n\t\t\t\t\t\t\t\t<\/div>\n\t\t\t\t<\/div>\n\t\t\t\t\t<\/div>\n\t\t<\/div>\n\t\t\t\t\t<\/div>\n\t\t<\/section>\n\t\t\t\t<\/div>\n\t\t","protected":false},"excerpt":{"rendered":"<p>Aktuelles 05. &#8211; 06.2026 SPRACHEN LERNEN IM SPRACHENZENTRUM LEIPZIG Aktuelles &gt; NEUE INTENSIVKURSE DEUTSCH &#8211; Mai BIS Juni 2026 Intensivkurs Deutsch A1: 18.05. &#8211; 26.06.2026 Intensivkurs Deutsch A2: 27.04. &#8211; 11.06.2026 Intensivkurs Deutsch A2: 29.06. &#8211; 07.08.2026 Intensivkurs Deutsch B1: 27.04. &#8211; 11.06.2026 Intensivkurs Deutsch B1: 15.06. &#8211; 24.07.2026 Intensivkurs Deutsch B2: 23.03. &#8211; 28.05.2026 [&hellip;]<\/p>\n","protected":false},"author":2,"featured_media":0,"parent":0,"menu_order":0,"comment_status":"closed","ping_status":"closed","template":"elementor_header_footer","meta":{"_acf_changed":false,"footnotes":""},"class_list":["post-2978","page","type-page","status-publish","hentry"],"acf":[],"_links":{"self":[{"href":"https:\/\/sprachenzentrum-leipzig.de\/de\/wp-json\/wp\/v2\/pages\/2978","targetHints":{"allow":["GET"]}}],"collection":[{"href":"https:\/\/sprachenzentrum-leipzig.de\/de\/wp-json\/wp\/v2\/pages"}],"about":[{"href":"https:\/\/sprachenzentrum-leipzig.de\/de\/wp-json\/wp\/v2\/types\/page"}],"author":[{"embeddable":true,"href":"https:\/\/sprachenzentrum-leipzig.de\/de\/wp-json\/wp\/v2\/users\/2"}],"replies":[{"embeddable":true,"href":"https:\/\/sprachenzentrum-leipzig.de\/de\/wp-json\/wp\/v2\/comments?post=2978"}],"version-history":[{"count":769,"href":"https:\/\/sprachenzentrum-leipzig.de\/de\/wp-json\/wp\/v2\/pages\/2978\/revisions"}],"predecessor-version":[{"id":5872,"href":"https:\/\/sprachenzentrum-leipzig.de\/de\/wp-json\/wp\/v2\/pages\/2978\/revisions\/5872"}],"wp:attachment":[{"href":"https:\/\/sprachenzentrum-leipzig.de\/de\/wp-json\/wp\/v2\/media?parent=2978"}],"curies":[{"name":"wp","href":"https:\/\/api.w.org\/{rel}","templated":true}]}}